{"id":38,"date":"2023-09-12T15:44:13","date_gmt":"2023-09-12T15:44:13","guid":{"rendered":"http:\/\/dev.civilaction.net\/?page_id=38"},"modified":"2024-04-11T09:35:19","modified_gmt":"2024-04-11T09:35:19","slug":"offerings","status":"publish","type":"page","link":"https:\/\/civilaction.net\/de\/offerings\/","title":{"rendered":"Angebote"},"content":{"rendered":"<h2 class=\"wp-block-heading\">Angebote<\/h2>\n\n\n\n<div class=\"wp-block-columns is-layout-flex wp-container-core-columns-is-layout-28f84493 wp-block-columns-is-layout-flex\">\n<div class=\"wp-block-column is-layout-flow wp-block-column-is-layout-flow\" style=\"flex-basis:50%\">\n<p>Neben unseren Projekten, in denen wir regelm\u00e4\u00dfig Veranstaltungen organisieren, bieten wir die hier genannten Dienstleistungen auf Anfrage an. Wenn Du oder Deine Gruppe, NGO, Initiative oder Dein Verein eine dieser Formen der Unterst\u00fctzung in Anspruch nehmen m\u00f6chten, wende Dich bitte \u00fcber das Kontaktformular f\u00fcr das jeweilige Angebot an uns.<\/p>\n<\/div>\n\n\n\n<div class=\"wp-block-column is-layout-flow wp-block-column-is-layout-flow\" style=\"flex-basis:50%\">\n<div class=\"wp-block-group has-white-color has-tertiary-background-color has-text-color has-background has-small-font-size is-layout-constrained wp-container-core-group-is-layout-946f663b wp-block-group-is-layout-constrained\" style=\"border-radius:10px;margin-top:0;margin-bottom:0;padding-top:var(--wp--preset--spacing--30);padding-right:var(--wp--preset--spacing--30);padding-bottom:var(--wp--preset--spacing--30);padding-left:var(--wp--preset--spacing--30)\">\n<p>Wenn Du dir Unterst\u00fctzung bei einem Projekt zum sozialen Wandel w\u00fcnschst, aber nicht sicher bist, welche Modalit\u00e4t am besten geeignet ist, wende Dich bitte per E-Mail an uns und gib die folgenden Informationen an:<\/p>\n\n\n\n<ul class=\"wp-block-list\">\n<li>Wer Du bist (eine Einzelperson, eine nicht-formale Gruppe, eine Organisation usw.)<\/li>\n\n\n\n<li>Mit welchen Herausforderungen Du derzeit konfrontiert bist, bei denen Du gerne Unterst\u00fctzung erhalten m\u00f6chtest.<\/li>\n\n\n\n<li>Jede andere relevante Information, die uns hilft, Dein Anliegen zu verstehen.<\/li>\n<\/ul>\n\n\n\n<div class=\"wp-block-buttons is-vertical is-content-justification-center is-layout-flex wp-container-core-buttons-is-layout-5aeea88e wp-block-buttons-is-layout-flex\" style=\"margin-top:var(--wp--preset--spacing--30);margin-bottom:0\">\n<div class=\"wp-block-button\"><a class=\"wp-block-button__link has-white-color has-text-color has-link-color wp-element-button\" href=\"\/de\/contact\/\">Kontaktiere uns!<\/a><\/div>\n<\/div>\n<\/div>\n<\/div>\n<\/div>\n\n\n\n<hr class=\"wp-block-separator has-alpha-channel-opacity\" style=\"margin-top:var(--wp--preset--spacing--40);margin-bottom:var(--wp--preset--spacing--40)\"\/>\n\n\n\n<h2 class=\"wp-block-heading\">Moderation<\/h2>\n\n\n\n<p>Wir verstehen Moderation als die Kunst, einer Gruppe die Arbeit zu erleichtern. Ein*e Moderator*in ist jemand, der einen komplexen Gruppenprozess leiten kann, wie z. B. die Entwicklung einer gemeinsamen Vision, die Erarbeitung gemeinsamer Vereinbarungen f\u00fcr die Zusammenarbeit oder die Entscheidung \u00fcber die Strategie f\u00fcr das n\u00e4chste Jahr. Je nach Thema, Erfahrung der Gruppe und interner Dynamik kann ein*e Moderator*in einen Prozess enger oder lockerer leiten. Die Aufgabe ist es, die Gruppe in dem Unbehagen des \u201eNichtwissens\u201c zu halten, damit sie ihre eigenen Antworten auf die Herausforderungen finden kann, die sie zu bew\u00e4ltigen versucht - und aus dem Weg zu gehen, sobald die Gruppe in Schwung kommt. Ein*e externe*r Moderator*in kann die Machtdynamik einer Gruppe ausgleichen, indem er\/sie einen neutraleren Rahmen schafft und so die Chance erh\u00f6ht, dass jede Stimme geh\u00f6rt wird.<\/p>\n\n\n\n<p><a href=\"https:\/\/civilaction.net\/de\/?page_id=289\" data-type=\"page\" data-id=\"289\">... mehr erfahren<\/a><\/p>\n\n\n\n<hr class=\"wp-block-separator has-alpha-channel-opacity\"\/>\n\n\n\n<h2 class=\"wp-block-heading\">Coaching<\/h2>\n\n\n\n<p>Coaching ist ein Beziehungsprozess zwischen einer Kundin oder einem Kunden (manchmal auch Coachee genannt) und einem professionell ausgebildeten Coach. Der Coachee bringt ein Thema zur Sprache, das er\/ sie gerade als Herausforderung auf seinem\/ ihrem Weg erlebt. Die Aufgabe des Coaches ist es, den Coachee dabei zu unterst\u00fctzen, herauszufinden, was bei diesem Thema wirklich wichtig ist, wie er\/ sie sich selbst zur\u00fcckh\u00e4lt, indem er\/ sie sich selbst-limitierenden inneren Gespr\u00e4chen hingibt, und wie ein realisierbarer Aktionsplan zur Verwirklichung der Vision des Coachee aussehen k\u00f6nnte. Der Prozess wird haupts\u00e4chlich vom Coachee geleitet. Der Coach ist dazu da, die Erkundung des inneren Territoriums des Coachees in den Momenten, in denen es unm\u00f6glich scheint, Klarheit zu erlangen, sanft zu begleiten.<\/p>\n\n\n\n<p><a href=\"https:\/\/civilaction.net\/de\/?page_id=290\" data-type=\"page\" data-id=\"290\">... mehr erfahren<\/a><\/p>\n\n\n\n<hr class=\"wp-block-separator has-alpha-channel-opacity\"\/>\n\n\n\n<h2 class=\"wp-block-heading\">Au\u00dferhalb von Aktionsr\u00e4umen<\/h2>\n\n\n\n<p>Politische Aktionen wie Demonstrationen, Proteste oder gewaltfreie direkte Aktionen k\u00f6nnen sehr intensive Erfahrungen sein. Wenn wir die Grenzen des legalen und akzeptablen Verhaltens \u00fcberschreiten, um unsere politische Meinung zum Ausdruck zu bringen, sto\u00dfen wir oft auf Widerstand und manchmal sogar auf Gewalt - sei es durch die Polizei oder durch Unbeteiligte. Dies kann eine sehr intensive Erfahrung sein, die viele Emotionen hervorruft. Um sicherzustellen, dass diese Intensit\u00e4t nicht in ein Trauma umschl\u00e4gt, ist es enorm wichtig, einen Raum zu haben, in dem wir uns austauschen, unsere Emotionen teilen und uns gemeinsam um die entstehenden Bed\u00fcrfnisse k\u00fcmmern k\u00f6nnen. Daf\u00fcr sind die Out of Action Spaces gedacht. Sie werden von Menschen abgehalten, die selbst nicht an der Aktion beteiligt waren und daher besser in der Lage sind, andere zu unterst\u00fctzen. \nEine weitere Funktion eines Out of Action Spaces ist es, dem Geschehenen kollektiv einen Sinn zu geben, auch wenn die Hauptziele einer Aktion (z.B. die Blockade des Baus fossiler Infrastruktur) nicht erreicht werden konnten. Wir unterst\u00fctzen Euch dabei, die Frage zu beantworten: Warum war es trotzdem sinnvoll, dies zu tun?<\/p>\n\n\n\n<p><a href=\"https:\/\/civilaction.net\/de\/?page_id=291\" data-type=\"page\" data-id=\"291\">... mehr erfahren<\/a><\/p>","protected":false},"excerpt":{"rendered":"<p>OFFERINGS Next to our projects where we organize events regularly, we offer the services mentioned here on a request basis. If you or your group, NGO, association or initiative would like to get one of these forms of support, please reach out through the contact form for each offering. If you would like support with [&hellip;]<\/p>","protected":false},"author":1,"featured_media":0,"parent":0,"menu_order":0,"comment_status":"closed","ping_status":"closed","template":"","meta":{"_acf_changed":false,"give_campaign_id":0,"footnotes":""},"topic":[],"class_list":["post-38","page","type-page","status-publish","hentry"],"acf":[],"campaignId":"","_links":{"self":[{"href":"https:\/\/civilaction.net\/de\/wp-json\/wp\/v2\/pages\/38","targetHints":{"allow":["GET"]}}],"collection":[{"href":"https:\/\/civilaction.net\/de\/wp-json\/wp\/v2\/pages"}],"about":[{"href":"https:\/\/civilaction.net\/de\/wp-json\/wp\/v2\/types\/page"}],"author":[{"embeddable":true,"href":"https:\/\/civilaction.net\/de\/wp-json\/wp\/v2\/users\/1"}],"replies":[{"embeddable":true,"href":"https:\/\/civilaction.net\/de\/wp-json\/wp\/v2\/comments?post=38"}],"version-history":[{"count":7,"href":"https:\/\/civilaction.net\/de\/wp-json\/wp\/v2\/pages\/38\/revisions"}],"predecessor-version":[{"id":623,"href":"https:\/\/civilaction.net\/de\/wp-json\/wp\/v2\/pages\/38\/revisions\/623"}],"wp:attachment":[{"href":"https:\/\/civilaction.net\/de\/wp-json\/wp\/v2\/media?parent=38"}],"wp:term":[{"taxonomy":"topic","embeddable":true,"href":"https:\/\/civilaction.net\/de\/wp-json\/wp\/v2\/topic?post=38"}],"curies":[{"name":"wp","href":"https:\/\/api.w.org\/{rel}","templated":true}]}}