{"id":36,"date":"2023-09-12T15:40:42","date_gmt":"2023-09-12T15:40:42","guid":{"rendered":"http:\/\/dev.civilaction.net\/?page_id=36"},"modified":"2024-12-28T14:01:46","modified_gmt":"2024-12-28T13:01:46","slug":"projects","status":"publish","type":"page","link":"https:\/\/civilaction.net\/de\/projects\/","title":{"rendered":"Projekte"},"content":{"rendered":"<div class=\"wp-block-group is-vertical is-layout-flex wp-container-core-group-is-layout-fe9cc265 wp-block-group-is-layout-flex\">\n<h2 class=\"wp-block-heading\">Projekte<\/h2>\n\n\n\n<p>Mit unseren Projekten wollen wir eine florierende und aktive Zivilgesellschaft unterst\u00fctzen, die das Potenzial hat, im Kleinen wie im Gro\u00dfen bedeutsame Ver\u00e4nderungen zu bewirken. So gro\u00df dieses Ziel ist, so vielf\u00e4ltig sind auch die Themen, mit denen wir arbeiten. F\u00f6rderung von Dialog- und Vernetzungsr\u00e4umen; Vertiefung unserer Beziehung zum \u00f6ffentlichen Raum, zu uns selbst und zueinander; Entwicklung von F\u00e4higkeiten zur gemeinsamen Entscheidungsfindung, Konfliktbew\u00e4ltigung und zu mitf\u00fchlendem und erm\u00e4chtigendem F\u00fchrungsverhalten - unsere Projekte decken ein weites Feld ab. Im Folgenden gibt es alle Einzelheiten zu den verschiedenen Projekten.<\/p>\n\n\n\n<p><\/p>\n<\/div>\n\n\n\n<div id=\"can-block-filter\" class=\"wp-block-can-post-filter\" data-post=\"project\" data-limit=\"9\" data-filters=\"topic\"><div class=\"unloaded\">\n<p class=\"empty-message\"><\/p>\n\n\n\n<p class=\"past-event-message\"><\/p>\n\n\n\n<div class=\"wp-block-button\"><a class=\"wp-block-button__link wp-element-button\">Mehr laden<\/a><\/div>\n<\/div><\/div>","protected":false},"excerpt":{"rendered":"<p>Projects Through our projects we aim to support a thriving and active civil society with the potential to effect meaningful change on a small and large scale. As big as this goal is, as diverse are the topics we work with. Fostering a culture of dialogue, deepening our connection with public space, ourselves and each [&hellip;]<\/p>","protected":false},"author":1,"featured_media":0,"parent":0,"menu_order":0,"comment_status":"closed","ping_status":"closed","template":"","meta":{"_acf_changed":false,"give_campaign_id":0,"footnotes":""},"topic":[],"class_list":["post-36","page","type-page","status-publish","hentry"],"acf":[],"campaignId":"","_links":{"self":[{"href":"https:\/\/civilaction.net\/de\/wp-json\/wp\/v2\/pages\/36","targetHints":{"allow":["GET"]}}],"collection":[{"href":"https:\/\/civilaction.net\/de\/wp-json\/wp\/v2\/pages"}],"about":[{"href":"https:\/\/civilaction.net\/de\/wp-json\/wp\/v2\/types\/page"}],"author":[{"embeddable":true,"href":"https:\/\/civilaction.net\/de\/wp-json\/wp\/v2\/users\/1"}],"replies":[{"embeddable":true,"href":"https:\/\/civilaction.net\/de\/wp-json\/wp\/v2\/comments?post=36"}],"version-history":[{"count":14,"href":"https:\/\/civilaction.net\/de\/wp-json\/wp\/v2\/pages\/36\/revisions"}],"predecessor-version":[{"id":1273,"href":"https:\/\/civilaction.net\/de\/wp-json\/wp\/v2\/pages\/36\/revisions\/1273"}],"wp:attachment":[{"href":"https:\/\/civilaction.net\/de\/wp-json\/wp\/v2\/media?parent=36"}],"wp:term":[{"taxonomy":"topic","embeddable":true,"href":"https:\/\/civilaction.net\/de\/wp-json\/wp\/v2\/topic?post=36"}],"curies":[{"name":"wp","href":"https:\/\/api.w.org\/{rel}","templated":true}]}}