{"id":352,"date":"2023-12-22T11:59:33","date_gmt":"2023-12-22T11:59:33","guid":{"rendered":"https:\/\/civilaction.net\/?page_id=352"},"modified":"2023-12-22T11:59:33","modified_gmt":"2023-12-22T11:59:33","slug":"facilitation-form","status":"publish","type":"page","link":"https:\/\/civilaction.net\/de\/facilitation\/facilitation-form\/","title":{"rendered":"Facilitation Form"},"content":{"rendered":"<div class='fluentform ff-default fluentform_wrapper_5  ff_guten_block ffs_default_wrap'><form data-form_id=\"5\" id=\"fluentform_5\" class=\"frm-fluent-form fluent_form_5 ff-el-form-top ff_form_instance_5_1 ff-form-loading ffs_default\" data-form_instance=\"ff_form_instance_5_1\" method=\"POST\" action=\"\" ><fieldset  style=\"border: none!important;margin: 0!important;padding: 0!important;background-color: transparent!important;box-shadow: none!important;outline: none!important; min-inline-size: 100%;\">\n                    <legend class=\"ff_screen_reader_title\" style=\"display: block; margin: 0!important;padding: 0!important;height: 0!important;text-indent: -999999px;width: 0!important;overflow:hidden;\">Formular f\u00fcr Moderation<\/legend><p style=\"display: none !important;\" class=\"akismet-fields-container\" data-prefix=\"ak_\"><label>&#916;<textarea name=\"ak_hp_textarea\" cols=\"45\" rows=\"8\" maxlength=\"100\"><\/textarea><\/label><input type=\"hidden\" id=\"ak_js_1\" name=\"ak_js\" value=\"187\"\/><script>document.getElementById( \"ak_js_1\" ).setAttribute( \"value\", ( new Date() ).getTime() );<\/script><\/p>        <div\n                style=\"display: none!important; position: absolute!important; transform: translateX(1000%)!important;\"\n                class=\"ff-el-group ff-hpsf-container\"\n        >\n            <div class=\"ff-el-input--label asterisk-right\">\n                <label for=\"ff_5_item_sf\" aria-label=\"Kontakt\">\n                    Kontakt                <\/label>\n            <\/div>\n            <div class=\"ff-el-input--content\">\n                <input type=\"text\"\n                       name=\"item_5__fluent_sf\"\n                       class=\"ff-el-form-control\"\n                       id=\"ff_5_item_sf\"\n                \/>\n            <\/div>\n        <\/div>\n        <input type='hidden' name='__fluent_form_embded_post_id' value='352' \/><input type=\"hidden\" id=\"_fluentform_5_fluentformnonce\" name=\"_fluentform_5_fluentformnonce\" value=\"b9a44bc508\" \/><input type=\"hidden\" name=\"_wp_http_referer\" value=\"\/de\/wp-json\/wp\/v2\/pages\/352\" \/><div class='ff-el-group'><div class=\"ff-el-input--label asterisk-right\"><label for='ff_5_description' aria-label=\"Erz\u00e4hle uns ein wenig \u00fcber Deine Gruppe! Wie viele seid ihr, mit welchen Themen arbeitet ihr, wie lange seid ihr schon zusammen aktiv?\">Erz\u00e4hle uns ein wenig \u00fcber Deine Gruppe! Wie viele seid ihr, mit welchen Themen arbeitet ihr, wie lange seid ihr schon zusammen aktiv?<\/label><\/div><div class='ff-el-input--content'><textarea aria-invalid=\"false\" aria-required=\"false\" name=\"description\" id=\"ff_5_description\" class=\"ff-el-form-control\" rows=\"3\" cols=\"2\" data-name=\"description\" ><\/textarea><\/div><\/div><div class='ff-el-group'><div class=\"ff-el-input--label asterisk-right\"><label for='ff_5_description_1' aria-label=\"F\u00fcr welchen Prozess w\u00fcrdet ihr gerne eine externe Moderation haben? Welche Ergebnisse m\u00f6chtet ihr erzielen?\">F\u00fcr welchen Prozess w\u00fcrdet ihr gerne eine externe Moderation haben? Welche Ergebnisse m\u00f6chtet ihr erzielen?  <\/label><\/div><div class='ff-el-input--content'><textarea aria-invalid=\"false\" aria-required=\"false\" name=\"description_1\" id=\"ff_5_description_1\" class=\"ff-el-form-control\" rows=\"3\" cols=\"2\" data-name=\"description_1\" ><\/textarea><\/div><\/div><div class='ff-el-group'><div class=\"ff-el-input--label asterisk-right\"><label for='ff_5_description_2' aria-label=\"Zeit f\u00fcr Hardfacts: Wann? Wo? Wie gro\u00df ist die Gruppe? ist eine \u00dcbernachtung geplant?\">Zeit f\u00fcr Hardfacts: Wann? Wo? Wie gro\u00df ist die Gruppe? ist eine \u00dcbernachtung geplant?<\/label><\/div><div class='ff-el-input--content'><textarea aria-invalid=\"false\" aria-required=\"false\" name=\"description_2\" id=\"ff_5_description_2\" class=\"ff-el-form-control\" rows=\"3\" cols=\"2\" data-name=\"description_2\" ><\/textarea><\/div><\/div><div class='ff-el-group'><div class=\"ff-el-input--label asterisk-right\"><label  aria-label=\"Unsere regul\u00e4ren Preise f\u00fcr Moderation liegen bei 1000 \u20ac pro Tag, einschlie\u00dflich Vorbereitung und Unterst\u00fctzung durch zwei Moderator*innen. Ist es f\u00fcr euch m\u00f6glich, diesen Preis zu zahlen?\">Unsere regul\u00e4ren Preise f\u00fcr Moderation liegen bei 1000 \u20ac pro Tag, einschlie\u00dflich Vorbereitung und Unterst\u00fctzung durch zwei Moderator*innen. Ist es f\u00fcr euch m\u00f6glich, diesen Preis zu zahlen?<\/label><\/div><div class='ff-el-input--content'><div class='ff-el-form-check ff-el-form-check-'><label class='ff-el-form-check-label' for=\"input_radio_fa40f92ca01875a8896150073ab82d7f\"><input  type=\"radio\" name=\"input_radio\" data-name=\"input_radio\" class=\"ff-el-form-check-input ff-el-form-check-radio\" value=\"Yes we can pay 1000\u20ac per day\"  id='input_radio_fa40f92ca01875a8896150073ab82d7f' aria-label='Ja, wir k\u00f6nnen 1000\u20ac pro Tag zahlen' aria-invalid='false' aria-required=\"false\"> <span>Ja, wir k\u00f6nnen 1000\u20ac pro Tag zahlen<\/span><\/label><\/div><div class='ff-el-form-check ff-el-form-check-'><label class='ff-el-form-check-label' for=\"input_radio_9ab23d913f7e85f062ba74184cefdad4\"><input  type=\"radio\" name=\"input_radio\" data-name=\"input_radio\" class=\"ff-el-form-check-input ff-el-form-check-radio\" value=\"We can afford some compensation, but not that much.\"  id='input_radio_9ab23d913f7e85f062ba74184cefdad4' aria-label='Wir k\u00f6nnen uns eine gewisse Entsch\u00e4digung leisten, aber nicht so viel.' aria-invalid='false' aria-required=\"false\"> <span>Wir k\u00f6nnen uns eine gewisse Entsch\u00e4digung leisten, aber nicht so viel.<\/span><\/label><\/div><div class='ff-el-form-check ff-el-form-check-'><label class='ff-el-form-check-label' for=\"input_radio_ee043af0805e6e0de370e805a653145e\"><input  type=\"radio\" name=\"input_radio\" data-name=\"input_radio\" class=\"ff-el-form-check-input ff-el-form-check-radio\" value=\"We don&#039;t have any budget at all\"  id='input_radio_ee043af0805e6e0de370e805a653145e' aria-label='Wir haben \u00fcberhaupt kein Budget' aria-invalid='false' aria-required=\"false\"> <span>Wir haben \u00fcberhaupt kein Budget<\/span><\/label><\/div><\/div><\/div><div class='ff-el-group'><div class=\"ff-el-input--label asterisk-right\"><label for='ff_5_description_3' aria-label=\"Gibt es sonst noch etwas, das wir wissen sollten?\">Gibt es sonst noch etwas, das wir wissen sollten?<\/label><\/div><div class='ff-el-input--content'><textarea aria-invalid=\"false\" aria-required=\"false\" name=\"description_3\" id=\"ff_5_description_3\" class=\"ff-el-form-control\" rows=\"3\" cols=\"2\" data-name=\"description_3\" ><\/textarea><\/div><\/div><div class='ff-el-group'><div class=\"ff-el-input--label asterisk-right\"><label for='ff_5_email' aria-label=\"E-Mail einer erreichbaren Kontaktperson\">E-Mail einer erreichbaren Kontaktperson<\/label><\/div><div class='ff-el-input--content'><input type=\"email\" name=\"email\" id=\"ff_5_email\" class=\"ff-el-form-control\" placeholder=\"E-Mail Adresse\" data-name=\"email\"  aria-invalid=\"false\" aria-required=\"false\"><\/div><\/div><div class='ff-el-group ff-text-left ff_submit_btn_wrapper'><button type=\"submit\" class=\"ff-btn ff-btn-submit ff-btn-md ff_btn_style\" >Absenden<\/button><\/div><\/fieldset><input type=\"hidden\" name=\"trp-form-language\" value=\"de\"\/><\/form><div id='fluentform_5_errors' class='ff-errors-in-stack ff_form_instance_5_1 ff-form-loading_errors ff_form_instance_5_1_errors'><\/div><\/div>            <script type=\"text\/javascript\">\n                window.fluent_form_ff_form_instance_5_1 = {\"id\":\"5\",\"settings\":{\"layout\":{\"labelPlacement\":\"top\",\"helpMessagePlacement\":\"with_label\",\"errorMessagePlacement\":\"inline\",\"cssClassName\":\"\",\"asteriskPlacement\":\"asterisk-right\"},\"restrictions\":{\"denyEmptySubmission\":{\"enabled\":false}}},\"form_instance\":\"ff_form_instance_5_1\",\"form_id_selector\":\"fluentform_5\",\"rules\":{\"description\":{\"required\":{\"value\":false,\"message\":\"This field is required\",\"global_message\":\"This field is required\",\"global\":true}},\"description_1\":{\"required\":{\"value\":false,\"message\":\"This field is required\",\"global_message\":\"This field is required\",\"global\":true}},\"description_2\":{\"required\":{\"value\":false,\"message\":\"This field is required\",\"global_message\":\"This field is required\",\"global\":true}},\"input_radio\":{\"required\":{\"value\":false,\"message\":\"This field is required\",\"global_message\":\"This field is required\",\"global\":true}},\"description_3\":{\"required\":{\"value\":false,\"message\":\"This field is required\",\"global_message\":\"This field is required\",\"global\":true}},\"email\":{\"required\":{\"value\":false,\"message\":\"This field is required\",\"global_message\":\"This field is required\",\"global\":true},\"email\":{\"value\":true,\"message\":\"This field must contain a valid email\",\"global_message\":\"This field must contain a valid email\",\"global\":true}}},\"debounce_time\":300};\n                            <\/script>","protected":false},"excerpt":{"rendered":"","protected":false},"author":1,"featured_media":0,"parent":289,"menu_order":0,"comment_status":"closed","ping_status":"closed","template":"","meta":{"_acf_changed":false,"give_campaign_id":0,"footnotes":""},"topic":[],"class_list":["post-352","page","type-page","status-publish","hentry"],"acf":[],"campaignId":"","_links":{"self":[{"href":"https:\/\/civilaction.net\/de\/wp-json\/wp\/v2\/pages\/352","targetHints":{"allow":["GET"]}}],"collection":[{"href":"https:\/\/civilaction.net\/de\/wp-json\/wp\/v2\/pages"}],"about":[{"href":"https:\/\/civilaction.net\/de\/wp-json\/wp\/v2\/types\/page"}],"author":[{"embeddable":true,"href":"https:\/\/civilaction.net\/de\/wp-json\/wp\/v2\/users\/1"}],"replies":[{"embeddable":true,"href":"https:\/\/civilaction.net\/de\/wp-json\/wp\/v2\/comments?post=352"}],"version-history":[{"count":2,"href":"https:\/\/civilaction.net\/de\/wp-json\/wp\/v2\/pages\/352\/revisions"}],"predecessor-version":[{"id":354,"href":"https:\/\/civilaction.net\/de\/wp-json\/wp\/v2\/pages\/352\/revisions\/354"}],"up":[{"embeddable":true,"href":"https:\/\/civilaction.net\/de\/wp-json\/wp\/v2\/pages\/289"}],"wp:attachment":[{"href":"https:\/\/civilaction.net\/de\/wp-json\/wp\/v2\/media?parent=352"}],"wp:term":[{"taxonomy":"topic","embeddable":true,"href":"https:\/\/civilaction.net\/de\/wp-json\/wp\/v2\/topic?post=352"}],"curies":[{"name":"wp","href":"https:\/\/api.w.org\/{rel}","templated":true}]}}