{"id":312,"date":"2023-12-20T08:59:56","date_gmt":"2023-12-20T08:59:56","guid":{"rendered":"http:\/\/dev.civilaction.net\/?page_id=312"},"modified":"2024-09-20T23:07:07","modified_gmt":"2024-09-20T23:07:07","slug":"donate","status":"publish","type":"page","link":"https:\/\/civilaction.net\/de\/support-us-get-active\/donate\/","title":{"rendered":"Spenden"},"content":{"rendered":"<h2 class=\"wp-block-heading\">SPENDEN<\/h2>\n\n\n\n<div class=\"wp-block-columns is-layout-flex wp-container-core-columns-is-layout-28f84493 wp-block-columns-is-layout-flex\">\n<div class=\"wp-block-column is-layout-flow wp-block-column-is-layout-flow\" style=\"flex-basis:50%\">\n<p>Als junge gemeinn\u00fctzige Organisation sind wir in hohem Ma\u00dfe auf die Spenden unserer Unterst\u00fctzer angewiesen. Obwohl viele unserer Projekte zumindest teilweise durch \u00f6ffentliche Zusch\u00fcsse finanziert werden, gibt es noch viele Bereiche unserer Arbeit, die von zus\u00e4tzlichen Mitteln profitieren w\u00fcrden. Einige M\u00f6glichkeiten, wie wir Spenden verwenden, sind:<\/p>\n\n\n\n<ul class=\"wp-block-list\">\n<li>Bereitstellung von Stipendien f\u00fcr Menschen, die es sich sonst nicht leisten k\u00f6nnten, an unseren Veranstaltungen teilzunehmen oder unsere Unterst\u00fctzung in Anspruch zu nehmen.<\/li>\n\n\n\n<li>Unterst\u00fctzung von Personen, die eine Projektidee haben, um diese so weit zu entwickeln, dass sie durch eine l\u00e4ngerfristige F\u00f6rderung finanziert werden kann.<\/li>\n\n\n\n<li>Finanzierung von Schulungen, Supervision und Moderation f\u00fcr unser Kernteam und unsere Mitarbeiter*innen, damit sie die Arbeit, die sie leisten, noch lange machen k\u00f6nnen.<\/li>\n\n\n\n<li>Regelm\u00e4\u00dfige kostenlose Veranstaltungen in Wien, die Menschen aus verschiedenen Bereichen der Zivilgesellschaft zusammenbringen, um das soziale Gewebe zwischen Einzelpersonen und Initiativen zu st\u00e4rken.<\/li>\n<\/ul>\n\n\n\n<p>Du w\u00fcrdest uns gerne regelm\u00e4ssig (zB monatlich oder j\u00e4hrlich) finanziell unterst\u00fctzen? <a href=\"https:\/\/civilaction.net\/de\/support-us-get-active\/extra-ordinary-member\/\" data-type=\"page\" data-id=\"1056\">Werde ein Au\u00dferordentliches Mitglied!<\/a><\/p>\n<\/div>\n\n\n\n<div class=\"wp-block-column is-layout-flow wp-block-column-is-layout-flow\" style=\"flex-basis:50%\"><div class='root-data-givewp-embed' data-form-locale='de_AT' data-form-url='https:\/\/civilaction.net\/?post_type=give_forms&#038;p=1000' data-form-view-url='https:\/\/civilaction.net\/de\/?givewp-route=donation-form-view&#038;form-id=1000' data-src='https:\/\/civilaction.net\/de\/?givewp-route=donation-form-view&#038;form-id=1000' data-givewp-embed-id='give-form-shortcode-1' data-form-format='onpage' data-open-form-button='Donate now'><\/div><\/div>\n<\/div>","protected":false},"excerpt":{"rendered":"<p>DONATE As a young non-profit we rely heavily on donations by our supporters. While many of our projects are at least in part funded by public grants, there are still many areas of our work that will benefit from additional funding. Some ways we use donations are: You would like to support us financially on [&hellip;]<\/p>","protected":false},"author":2,"featured_media":0,"parent":1010,"menu_order":0,"comment_status":"closed","ping_status":"closed","template":"","meta":{"_acf_changed":false,"give_campaign_id":0,"footnotes":""},"topic":[],"class_list":["post-312","page","type-page","status-publish","hentry"],"acf":[],"campaignId":"","_links":{"self":[{"href":"https:\/\/civilaction.net\/de\/wp-json\/wp\/v2\/pages\/312","targetHints":{"allow":["GET"]}}],"collection":[{"href":"https:\/\/civilaction.net\/de\/wp-json\/wp\/v2\/pages"}],"about":[{"href":"https:\/\/civilaction.net\/de\/wp-json\/wp\/v2\/types\/page"}],"author":[{"embeddable":true,"href":"https:\/\/civilaction.net\/de\/wp-json\/wp\/v2\/users\/2"}],"replies":[{"embeddable":true,"href":"https:\/\/civilaction.net\/de\/wp-json\/wp\/v2\/comments?post=312"}],"version-history":[{"count":5,"href":"https:\/\/civilaction.net\/de\/wp-json\/wp\/v2\/pages\/312\/revisions"}],"predecessor-version":[{"id":1096,"href":"https:\/\/civilaction.net\/de\/wp-json\/wp\/v2\/pages\/312\/revisions\/1096"}],"up":[{"embeddable":true,"href":"https:\/\/civilaction.net\/de\/wp-json\/wp\/v2\/pages\/1010"}],"wp:attachment":[{"href":"https:\/\/civilaction.net\/de\/wp-json\/wp\/v2\/media?parent=312"}],"wp:term":[{"taxonomy":"topic","embeddable":true,"href":"https:\/\/civilaction.net\/de\/wp-json\/wp\/v2\/topic?post=312"}],"curies":[{"name":"wp","href":"https:\/\/api.w.org\/{rel}","templated":true}]}}