{"id":291,"date":"2023-11-28T19:55:15","date_gmt":"2023-11-28T19:55:15","guid":{"rendered":"https:\/\/dev.civilaction.net\/?page_id=291"},"modified":"2023-12-20T08:41:20","modified_gmt":"2023-12-20T08:41:20","slug":"out-of-action-spaces","status":"publish","type":"page","link":"https:\/\/civilaction.net\/de\/out-of-action-spaces\/","title":{"rendered":"Au\u00dferhalb von Aktionsr\u00e4umen"},"content":{"rendered":"<h2 class=\"wp-block-heading\"><strong>Was sind \u201eOut of Action\u201c-R\u00e4ume?<\/strong><\/h2>\n\n\n\n<p>Politische Aktionen wie Demonstrationen, Proteste oder gewaltfreie direkte Aktionen k\u00f6nnen sehr intensive Erfahrungen sein. Wenn wir an die Grenzen dessen gehen, was legal und akzeptabel ist, um unsere politische Meinung zum Ausdruck zu bringen, sto\u00dfen wir oft auf Widerstand und manchmal sogar auf Gewalt - sei es durch die Polizei oder durch Unbeteiligte. Dies kann eine sehr intensive Erfahrung sein, die viele Emotionen hervorruft. Um sicherzustellen, dass diese Intensit\u00e4t nicht in ein Trauma umschl\u00e4gt, ist es enorm wichtig, einen Raum zu haben, in dem wir uns austauschen, unsere Gef\u00fchle teilen und uns gemeinsam um die entstehenden Bed\u00fcrfnisse k\u00fcmmern k\u00f6nnen. Daf\u00fcr sind \"Out of Action Spaces\", also R\u00e4ume au\u00dferhalb einer Aktion gedacht. Sie werden von Menschen abgehalten, die selbst nicht an der Aktion beteiligt waren und daher besser in der Lage sind, andere zu unterst\u00fctzen. Eine weitere Funktion eines Out of Action Spaces ist es, dem Geschehenen kollektiv einen Sinn zu geben, auch wenn die Hauptziele einer Aktion (z.B. die Blockade des Baus fossiler Infrastruktur) nicht erreicht werden konnten. Wir werden Euch dabei unterst\u00fctzen, die Frage zu beantworten: Warum war es trotzdem sinnvoll, dies zu tun?<\/p>\n\n\n\n<hr class=\"wp-block-separator has-alpha-channel-opacity\"\/>\n\n\n\n<h2 class=\"wp-block-heading\"><strong>F\u00fcr wen ist es geeignet?<\/strong><\/h2>\n\n\n\n<p>Wir bieten Out of Action Spaces f\u00fcr einzelne Bezugsgruppen oder offen f\u00fcr alle, die sich an einer Aktion beteiligt haben. Wenn Du eine Aktion planst oder an einer Aktion teilnimmst und danach Unterst\u00fctzung w\u00fcnschst, lasse es uns bitte so fr\u00fch wie m\u00f6glich wissen, damit wir uns gut koordinieren k\u00f6nnen.&nbsp;<\/p>\n\n\n\n<div class=\"wp-block-buttons is-content-justification-center is-layout-flex wp-container-core-buttons-is-layout-a89b3969 wp-block-buttons-is-layout-flex\">\n<div class=\"wp-block-button\"><a class=\"wp-block-button__link wp-element-button\" href=\"mailto:team@civilaction.net\">Sende uns ein Mail!<\/a><\/div>\n<\/div>\n\n\n\n<hr class=\"wp-block-separator has-alpha-channel-opacity\"\/>\n\n\n\n<h2 class=\"wp-block-heading\"><strong>Kosten<\/strong><\/h2>\n\n\n\n<p>Ein dreist\u00fcndiger Out of Action Space, der von zwei Personen gehalten wird, kostet 400\u20ac. Derzeit verf\u00fcgen wir \u00fcber Mittel, die es uns erm\u00f6glichen, Out of Action Spaces zu einem erm\u00e4\u00dfigten Preis oder kostenlos f\u00fcr diejenigen anzubieten, die sie ben\u00f6tigen. Wenn Ihr einen finanziellen Beitrag leisten k\u00f6nnt, bedeutet dies, dass die Finanzierung l\u00e4nger anh\u00e4lt und f\u00fcr die Arbeit mit Gruppen zur Verf\u00fcgung steht, die es sich wirklich nicht leisten k\u00f6nnen, zu zahlen.<\/p>","protected":false},"excerpt":{"rendered":"<p>What are Out of Action Spaces? Political actions like demonstrating, protesting, or non-violent direct action can be very intense experiences. When we go to the edges of what is legal and acceptable behavior to express our political opinion, we are often met with resistance and sometimes even with violence &#8211; be it by police or [&hellip;]<\/p>","protected":false},"author":2,"featured_media":0,"parent":0,"menu_order":0,"comment_status":"closed","ping_status":"closed","template":"","meta":{"_acf_changed":false,"give_campaign_id":0,"footnotes":""},"topic":[],"class_list":["post-291","page","type-page","status-publish","hentry"],"acf":[],"campaignId":"","_links":{"self":[{"href":"https:\/\/civilaction.net\/de\/wp-json\/wp\/v2\/pages\/291","targetHints":{"allow":["GET"]}}],"collection":[{"href":"https:\/\/civilaction.net\/de\/wp-json\/wp\/v2\/pages"}],"about":[{"href":"https:\/\/civilaction.net\/de\/wp-json\/wp\/v2\/types\/page"}],"author":[{"embeddable":true,"href":"https:\/\/civilaction.net\/de\/wp-json\/wp\/v2\/users\/2"}],"replies":[{"embeddable":true,"href":"https:\/\/civilaction.net\/de\/wp-json\/wp\/v2\/comments?post=291"}],"version-history":[{"count":3,"href":"https:\/\/civilaction.net\/de\/wp-json\/wp\/v2\/pages\/291\/revisions"}],"predecessor-version":[{"id":307,"href":"https:\/\/civilaction.net\/de\/wp-json\/wp\/v2\/pages\/291\/revisions\/307"}],"wp:attachment":[{"href":"https:\/\/civilaction.net\/de\/wp-json\/wp\/v2\/media?parent=291"}],"wp:term":[{"taxonomy":"topic","embeddable":true,"href":"https:\/\/civilaction.net\/de\/wp-json\/wp\/v2\/topic?post=291"}],"curies":[{"name":"wp","href":"https:\/\/api.w.org\/{rel}","templated":true}]}}