{"id":289,"date":"2023-11-28T19:53:11","date_gmt":"2023-11-28T19:53:11","guid":{"rendered":"https:\/\/dev.civilaction.net\/?page_id=289"},"modified":"2023-12-22T14:03:18","modified_gmt":"2023-12-22T14:03:18","slug":"facilitation","status":"publish","type":"page","link":"https:\/\/civilaction.net\/de\/facilitation\/","title":{"rendered":"Moderation"},"content":{"rendered":"<h2 class=\"wp-block-heading\"><strong>Was ist Moderation?<\/strong><\/h2>\n\n\n\n<p>Wir verstehen Moderation als die Kunst, einer Gruppe die Arbeit zu erleichtern. Ein*e Moderator*in ist jemand, der einen komplexen Gruppenprozess leiten kann, wie z. B. die Entwicklung einer gemeinsamen Vision, die Erarbeitung gemeinsamer Vereinbarungen f\u00fcr die Zusammenarbeit oder die Entscheidung \u00fcber die Strategie f\u00fcr das n\u00e4chste Jahr. Je nach Thema, Erfahrung der Gruppe und interner Dynamik kann ein*e Moderator*in einen Prozess enger oder lockerer leiten. Die Aufgabe ist es, die Gruppe in dem Unbehagen des \u201eNichtwissens\u201c zu halten, damit sie ihre eigenen Antworten auf die Herausforderungen finden kann, die sie zu bew\u00e4ltigen versucht - und aus dem Weg zu gehen, sobald die Gruppe in Schwung kommt. Ein*e externe*r Moderator*in kann die Machtdynamik einer Gruppe ausgleichen, indem er\/sie einen neutraleren Rahmen schafft und so die Chance erh\u00f6ht, dass jede Stimme geh\u00f6rt wird.<\/p>\n\n\n\n<hr class=\"wp-block-separator has-alpha-channel-opacity\"\/>\n\n\n\n<h2 class=\"wp-block-heading\"><strong>F\u00fcr wen ist es geeignet?<\/strong><\/h2>\n\n\n\n<p>Moderation kann in vielen verschiedenen Situationen n\u00fctzlich sein. In einer idealen Welt h\u00e4tte jede Gruppe eine*n externe*n Moderator*in, deren\/ dessen Aufgabe es w\u00e4re, die Prozesse zu begleiten und zu beobachten. Im Folgenden haben wir einige Beispiele f\u00fcr Situationen aufgef\u00fchrt, in denen wir externe Moderation in der Vergangenheit als besonders hilfreich empfunden haben:&nbsp;<\/p>\n\n\n\n<ul class=\"wp-block-list\">\n<li>Wenn sich eine neue Gruppe bildet, kann die Moderation helfen, sich \u00fcber den Zweck und die Vision klar zu werden, die diese Gruppe zusammenf\u00fchrt. Ebenso kann es n\u00fctzlich sein, Vereinbarungen \u00fcber Entscheidungsfindung, Konflikte und Strategien zu treffen.<\/li>\n\n\n\n<li>Nach einer intensiven Phase des Engagements kann die Moderation dazu beitragen, eine gute Nachbesprechung durchzuf\u00fchren und die Erkenntnisse der Gruppe zu destillieren, damit sie weitergef\u00fchrt werden k\u00f6nnen.&nbsp;<\/li>\n\n\n\n<li>Zu Beginn eines Projekts kann die Moderation n\u00fctzlich sein, um die Ziele des Projekts und den Fahrplan f\u00fcr den Weg dorthin zu kl\u00e4ren.&nbsp;<\/li>\n\n\n\n<li>Wenn es in einer Gruppe Spannungen gibt, die mit internen Mitteln nicht gel\u00f6st werden k\u00f6nnen, kann ein externer Moderator dabei helfen, der Ursache der Spannungen auf den Grund zu gehen und sie zu \u00fcberwinden.&nbsp;<\/li>\n<\/ul>\n\n\n\n<p>Ein paar Beispiele f\u00fcr die Art von Sitzungen, die wir bereits moderiert haben:&nbsp;<\/p>\n\n\n\n<ul class=\"wp-block-list\">\n<li>2-st\u00fcndige Online-Reflexionssitzungen zur Nachbesprechung eines Ereignisses.<\/li>\n\n\n\n<li>3-t\u00e4gige Retreats zur Nachbesprechung monatelanger Besetzungen<\/li>\n\n\n\n<li>3-t\u00e4gige Strategie-Workshops zur Planung einer Wahlkampagne<\/li>\n\n\n\n<li>2-t\u00e4gige Open Spaces, um verschiedene Gruppen innerhalb einer Bewegung zusammenzubringen<\/li>\n<\/ul>\n\n\n\n<hr class=\"wp-block-separator has-alpha-channel-opacity\"\/>\n\n\n\n<h3 class=\"wp-block-heading\"><strong>Klingt toll, aber wie fangen wir an?&nbsp;<\/strong><\/h3>\n\n\n\n<p>Wenn Du zu einer Gruppe geh\u00f6rst, die von unserer Moderation profitieren k\u00f6nnte, klicke einfach auf die Schaltfl\u00e4che unten, um unser Anfrageformular auszuf\u00fcllen. Das Formular enth\u00e4lt einige Fragen, die Euch und uns helfen werden, besser zu verstehen, ob wir die Art von Unterst\u00fctzung anbieten k\u00f6nnen, die Ihr ben\u00f6tigt, oder ob wir Euch mit anderen Anlaufstellen in unserem Netzwerk verbinden k\u00f6nnen. Wir werden uns so bald wie m\u00f6glich bei Euch melden, um gemeinsam die n\u00e4chsten Schritte zu planen. Dazu geh\u00f6rt in der Regel ein Telefonat, in dem wir alle Fragen kl\u00e4ren und gemeinsam einen groben Plan erstellen. Dann feilen wir an diesem Plan und senden ihn an Euch zur\u00fcck, damit Ihr uns ein Feedback geben k\u00f6nnt.&nbsp;<\/p>\n\n\n\n<div class=\"wp-block-buttons is-content-justification-center is-layout-flex wp-container-core-buttons-is-layout-a89b3969 wp-block-buttons-is-layout-flex\">\n<div class=\"wp-block-button\"><a class=\"wp-block-button__link has-white-color has-text-color has-link-color wp-element-button\" href=\"\/de\/facilitation-form\/\">F\u00fclle das Formular aus!<\/a><\/div>\n<\/div>\n\n\n\n<hr class=\"wp-block-separator has-alpha-channel-opacity\"\/>\n\n\n\n<h2 class=\"wp-block-heading\"><strong>Kosten<\/strong><\/h2>\n\n\n\n<p>Moderation ist eine hochqualifizierte Arbeit, und wir m\u00f6chten unsere Moderator*innen angemessen daf\u00fcr bezahlen. Das Honorar f\u00fcr einen Tag Moderation durch zwei Personen betr\u00e4gt 1000 \u20ac. Darin enthalten sind ein Vorbereitungstreffen, die Gestaltung der Agenda f\u00fcr den Tag und eine Feedbackschleife zur Agenda vor der Veranstaltung.<\/p>\n\n\n\n<p>Es ist uns jedoch wichtig, diejenigen zu unterst\u00fctzen, die davon profitieren, unabh\u00e4ngig von ihren wirtschaftlichen Verh\u00e4ltnissen. Wenn Eure Gruppe nicht in der Lage ist, die volle Geb\u00fchr zu zahlen, wendet Euch bitte trotzdem an uns. Wir haben manchmal die M\u00f6glichkeit, zu einem reduzierten Honorar zu arbeiten und sind immer gerne bereit, gemeinsam nach Finanzierungsquellen zu suchen.<\/p>","protected":false},"excerpt":{"rendered":"<p>What is facilitation? We understand facilitation as the art of making the work of a group easy. A facilitator is someone who can hold a complex group process, like coming up with a shared vision, creating shared agreements for how to work together or deciding on the strategy for the next year. Depending on the [&hellip;]<\/p>","protected":false},"author":4,"featured_media":0,"parent":0,"menu_order":0,"comment_status":"closed","ping_status":"closed","template":"","meta":{"_acf_changed":false,"give_campaign_id":0,"footnotes":""},"topic":[],"class_list":["post-289","page","type-page","status-publish","hentry"],"acf":[],"campaignId":"","_links":{"self":[{"href":"https:\/\/civilaction.net\/de\/wp-json\/wp\/v2\/pages\/289","targetHints":{"allow":["GET"]}}],"collection":[{"href":"https:\/\/civilaction.net\/de\/wp-json\/wp\/v2\/pages"}],"about":[{"href":"https:\/\/civilaction.net\/de\/wp-json\/wp\/v2\/types\/page"}],"author":[{"embeddable":true,"href":"https:\/\/civilaction.net\/de\/wp-json\/wp\/v2\/users\/4"}],"replies":[{"embeddable":true,"href":"https:\/\/civilaction.net\/de\/wp-json\/wp\/v2\/comments?post=289"}],"version-history":[{"count":4,"href":"https:\/\/civilaction.net\/de\/wp-json\/wp\/v2\/pages\/289\/revisions"}],"predecessor-version":[{"id":359,"href":"https:\/\/civilaction.net\/de\/wp-json\/wp\/v2\/pages\/289\/revisions\/359"}],"wp:attachment":[{"href":"https:\/\/civilaction.net\/de\/wp-json\/wp\/v2\/media?parent=289"}],"wp:term":[{"taxonomy":"topic","embeddable":true,"href":"https:\/\/civilaction.net\/de\/wp-json\/wp\/v2\/topic?post=289"}],"curies":[{"name":"wp","href":"https:\/\/api.w.org\/{rel}","templated":true}]}}