{"id":120,"date":"2023-09-18T16:52:35","date_gmt":"2023-09-18T16:52:35","guid":{"rendered":"http:\/\/dev.civilaction.net\/?page_id=120"},"modified":"2024-12-28T12:34:42","modified_gmt":"2024-12-28T11:34:42","slug":"impressum","status":"publish","type":"page","link":"https:\/\/civilaction.net\/de\/impressum\/","title":{"rendered":"Impressum"},"content":{"rendered":"<h2 class=\"wp-block-heading\">Impressum<\/h2>\n\n\n\n<h4 class=\"wp-block-heading\">Inhaltsverzeichnis<\/h4>\n\n\n\n<ol class=\"wp-block-list\">\n<li><a href=\"#general\" data-type=\"internal\" data-id=\"#general\">Allgemeines<\/a><\/li>\n\n\n\n<li><a href=\"#privacy-policy\">Datenschutzbestimmungen<\/a><\/li>\n\n\n\n<li><a href=\"#newsletter\">Newsletter\/E-Mail-Marketing<\/a><\/li>\n\n\n\n<li><a href=\"#booking\">Online Buchungssystem<\/a><\/li>\n<\/ol>\n\n\n\n<h4 class=\"wp-block-heading\" id=\"general\">Allgemeines<\/h4>\n\n\n\n<p><strong>Civil Action Network \u2013 Zivilgesellschaft f\u00fcr Frieden<\/strong><br>Malzgasse 4\/11<br>1020 Wien<br>\u00d6sterreich<br>E-Mail: <a href=\"mailto:team%40civilaction.net\">team@civilaction.net<\/a><\/p>\n\n\n\n<p>ZVR-Zahl: 1299357938<\/p>\n\n\n\n<p><strong>Obfrau<\/strong><br>Sonia Borkowicz<br>E-Mail: <a>sonia.borkowicz@civilaction.net<\/a><\/p>\n\n\n\n<p><strong>Vereinszweck<\/strong><br>Der Verein, dessen T\u00e4tigkeit nicht auf Gewinn gerichtet ist, bezweckt die F\u00f6rderung von Friedensbewegungen, den nachhaltigen Erhalt von Frieden und eine umfassende Bildung zum Thema Frieden. Somit ist er gemeinn\u00fctzig im Sinne des \u00a7 35 BAO.<\/p>\n\n\n\n<p><strong>Bildnachweise<\/strong><br>Die Bildrechte liegen bei dem Civil Action Network.<br><br><strong>Zus\u00e4tzliche Online-Pr\u00e4senzen<\/strong><br>Dieser rechtliche Hinweis gilt auch f\u00fcr:<\/p>\n\n\n\n<ul class=\"wp-block-list\">\n<li><a href=\"https:\/\/www.instagram.com\/civilactionnetwork\/\">https:\/\/www.instagram.com\/civilactionnetwork\/<\/a><\/li>\n\n\n\n<li><a href=\"https:\/\/www.facebook.com\/civilactionnetwork\/\">https:\/\/www.facebook.com\/civilactionnetwork\/<\/a><\/li>\n<\/ul>\n\n\n\n<p>Alle Texte sind urheberrechtlich gesch\u00fctzt.<br><\/p>\n\n\n\n<h4 class=\"wp-block-heading\" id=\"privacy-policy\">Datenschutzbestimmungen<\/h4>\n\n\n\n<h6 class=\"wp-block-heading\">Einf\u00fchrung und \u00dcberblick<\/h6>\n\n\n\n<p>Wir haben diese Datenschutzerkl\u00e4rung (Version 20.09.2024-122874296) erstellt, um Ihnen gem\u00e4\u00df den Bestimmungen der <a href=\"https:\/\/eur-lex.europa.eu\/legal-content\/DE\/TXT\/?uri=CELEX%3A32016R0679\">Allgemeine Datenschutzverordnung (EU) 2016\/679<\/a> und den geltenden nationalen Gesetzen, welche personenbezogenen Daten (kurz \u201eDaten\u201c genannt) wir als Verantwortliche - und die von uns beauftragten Auftragsverarbeiter (z.B. Provider) - verarbeiten, in Zukunft verarbeiten werden und welche rechtlichen M\u00f6glichkeiten Sie haben. Die verwendeten Begriffe sind als geschlechtsneutral zu verstehen.<br>Kurzum: Wir informieren Sie umfassend \u00fcber die Daten, die wir \u00fcber Sie verarbeiten.<\/p>\n\n\n\n<p>Datenschutzerkl\u00e4rungen klingen in der Regel sehr technisch und verwenden juristischen Fachjargon. In dieser Datenschutzerkl\u00e4rung wird jedoch versucht, die wichtigsten Dinge so einfach und transparent wie m\u00f6glich zu erkl\u00e4ren. Wo es die Transparenz f\u00f6rdert, werden technische <strong>Begriffe auf benutzerfreundliche Weise erkl\u00e4rt<\/strong>Links zu zus\u00e4tzlichen Informationen werden bereitgestellt und es werden <strong>Abbildungen<\/strong> verwendet.<br>Wir informieren Sie in einer klaren und einfachen Sprache dar\u00fcber, dass wir personenbezogene Daten im Rahmen unserer Gesch\u00e4ftst\u00e4tigkeit nur dann verarbeiten, wenn eine entsprechende Rechtsgrundlage besteht. Dies ist sicherlich nicht m\u00f6glich, wenn man sehr kurze, unklare und rechtstechnische Erkl\u00e4rungen abgibt, wie es im Internet oft \u00fcblich ist, wenn es um den Datenschutz geht. Ich hoffe, Sie finden die folgenden Ausf\u00fchrungen interessant und informativ, und vielleicht ist ja die eine oder andere Information dabei, die Sie noch nicht kannten.<\/p>\n\n\n\n<h6 class=\"wp-block-heading\">Anwendungsbereich<\/h6>\n\n\n\n<p>Diese Datenschutzerkl\u00e4rung gilt f\u00fcr alle personenbezogenen Daten, die von unserem Unternehmen verarbeitet werden, sowie f\u00fcr alle personenbezogenen Daten, die von Unternehmen verarbeitet werden, die von uns beauftragt wurden (Datenverarbeiter). Unter personenbezogenen Daten verstehen wir Informationen im Sinne von Art. 4 Nr. 1 DSGVO, wie z.B. den Namen, die E-Mail-Adresse und die Postanschrift einer Person. Die Verarbeitung personenbezogener Daten stellt sicher, dass wir unsere Dienstleistungen und Produkte anbieten und abrechnen k\u00f6nnen, sei es online oder offline. Der Geltungsbereich dieser Datenschutzrichtlinie umfasst:<\/p>\n\n\n\n<ul class=\"wp-block-list\">\n<li>alle von uns betriebenen Online-Pr\u00e4senzen (Websites, Veranstaltungsbuchung, Spenden, Mitgliedschaften)<\/li>\n\n\n\n<li>Auftritte in den sozialen Medien und E-Mail-Kommunikation<\/li>\n<\/ul>\n\n\n\n<p><strong>Kurzum<\/strong>: Diese Datenschutzrichtlinie gilt f\u00fcr alle Bereiche, in denen personenbezogene Daten innerhalb des Unternehmens \u00fcber die genannten Kan\u00e4le verarbeitet werden. Wenn wir au\u00dferhalb dieser Kan\u00e4le Rechtsbeziehungen mit Ihnen eingehen, werden wir Sie gegebenenfalls gesondert informieren.<\/p>\n\n\n\n<h6 class=\"wp-block-heading\">Rechtgrundlagen<\/h6>\n\n\n\n<p>In dieser Datenschutzerkl\u00e4rung informieren wir transparent \u00fcber die rechtlichen Grundlagen und Bestimmungen, insbesondere die Rechtsgrundlagen der Allgemeinen Datenschutzverordnung (DSGVO), die uns die Verarbeitung personenbezogener Daten erlauben.<br>Bez\u00fcglich des EU-Rechts verweisen wir auf die VERORDNUNG (EU) 2016\/679 DES EUROP\u00c4ISCHEN PARLAMENTS UND DES RATES vom 27. April 2016. Sie k\u00f6nnen diese Allgemeine Datenschutzverordnung der EU nat\u00fcrlich auch online auf EUR-Lex, dem Portal zum EU-Recht, lesen unter <a href=\"https:\/\/eur-lex.europa.eu\/legal-content\/DE\/ALL\/?uri=celex%3A32016R0679\">https:\/\/eur-lex.europa.eu\/legal-content\/DE\/ALL\/?uri=celex%3A32016R0679<\/a>.<\/p>\n\n\n\n<p>Wir verarbeiten Ihre Daten nur, wenn mindestens eine der folgenden Bedingungen erf\u00fcllt ist:<\/p>\n\n\n\n<ol class=\"wp-block-list\">\n<li><strong>Einwilligung<\/strong> (Artikel 6(1)(a) GDPR): Sie haben uns Ihre Zustimmung zur Verarbeitung von Daten f\u00fcr einen bestimmten Zweck gegeben. Ein Beispiel w\u00e4re die Speicherung der von Ihnen eingegebenen Daten aus einem Kontaktformular.<\/li>\n\n\n\n<li><strong>Vertrag<\/strong> (Artikel 6(1)(b) GDPR): Um einen Vertrag oder vorvertragliche Verpflichtungen mit Ihnen zu erf\u00fcllen, verarbeiten wir Ihre Daten. Wenn Sie zum Beispiel ein Au\u00dferordentliches Mitglied werden, ben\u00f6tigen wir vorab personenbezogene Daten.<\/li>\n\n\n\n<li><strong>Rechtliche Verpflichtung<\/strong> (Artikel 6 Absatz 1 Buchstabe c) GDPR): Wenn wir einer gesetzlichen Verpflichtung unterliegen, verarbeiten wir Ihre Daten. Zum Beispiel sind wir gesetzlich verpflichtet, Rechnungen f\u00fcr die Buchhaltung aufzubewahren. Diese enthalten in der Regel personenbezogene Daten.<\/li>\n\n\n\n<li><strong>Berechtigte Interessen<\/strong> (Artikel 6(1)(f) GDPR): In F\u00e4llen von berechtigten Interessen, die Ihre Grundrechte nicht einschr\u00e4nken, behalten wir uns das Recht vor, personenbezogene Daten zu verarbeiten. Zum Beispiel m\u00fcssen wir bestimmte Daten verarbeiten, um unsere Website sicher zu halten und effizient zu betreiben. Diese Verarbeitung stellt daher ein berechtigtes Interesse dar.<\/li>\n<\/ol>\n\n\n\n<p>Andere Voraussetzungen, wie z.B. die Wahrnehmung von Aufgaben im \u00f6ffentlichen Interesse und die Aus\u00fcbung \u00f6ffentlicher Gewalt sowie die Wahrung lebenswichtiger Interessen, sind f\u00fcr uns in der Regel nicht gegeben. Sollte eine solche Rechtsgrundlage dennoch relevant werden, wird an entsprechender Stelle darauf hingewiesen.<\/p>\n\n\n\n<p>Neben der EU-Verordnung gilt in \u00d6sterreich auch nationales Recht, n\u00e4mlich das Bundesgesetz \u00fcber den Schutz nat\u00fcrlicher Personen bei der Verarbeitung personenbezogener Daten (Datenschutzgesetz, kurz DSG).<\/p>\n\n\n\n<h6 class=\"wp-block-heading\">Dauer der Speicherung<\/h6>\n\n\n\n<p>Generell gilt, dass wir personenbezogene Daten nur so lange speichern, wie es f\u00fcr die Erbringung unserer Dienstleistungen und Produkte unbedingt erforderlich ist. Das bedeutet, dass wir personenbezogene Daten l\u00f6schen, sobald der Grund f\u00fcr die Verarbeitung der Daten nicht mehr besteht. In einigen F\u00e4llen sind wir gesetzlich verpflichtet, bestimmte Daten auch nach Erledigung des urspr\u00fcnglichen Zwecks aufzubewahren, z. B. zu Abrechnungszwecken.<\/p>\n\n\n\n<p>Wenn Sie die L\u00f6schung Ihrer Daten w\u00fcnschen oder Ihre Einwilligung zur Datenverarbeitung widerrufen, werden die Daten so schnell wie m\u00f6glich gel\u00f6scht, sofern keine gesetzliche Aufbewahrungspflicht besteht.<\/p>\n\n\n\n<p>\u00dcber die konkrete Dauer der jeweiligen Datenverarbeitung werden wir Sie weiter unten informieren, wenn uns hierzu n\u00e4here Informationen vorliegen.<\/p>\n\n\n\n<h4 class=\"wp-block-heading\" id=\"newsletter\"><strong>Newsletter\/ E-Mail-Marketing<\/strong><\/h4>\n\n\n\n<h6 class=\"wp-block-heading\">E-Mail-Marketing Zusammenfassung<\/h6>\n\n\n\n<p>? Zielgruppe: Newsletter-Abonnenten<br>? Zweck: Direktwerbung per E-Mail, Benachrichtigung \u00fcber systemrelevante Ereignisse<br>? Verarbeitete Daten: Die bei der Anmeldung eingegebenen Daten, mindestens jedoch die E-Mail-Adresse. N\u00e4heres ist dem verwendeten E-Mail-Marketing-Tool Mailchimp zu entnehmen.<br>? Speicherdauer: Dauer des Abonnements<br>\u2696\ufe0f Rechtsgrundlagen: Art. 6 Abs.. 1 lit. a GDPR (Einwilligung), Art. 6 Abs. 1 lit. f GDPR (berechtigte Interessen)<\/p>\n\n\n\n<h6 class=\"wp-block-heading\"><strong>Was ist E-Mail-Marketing?<\/strong><\/h6>\n\n\n\n<p>Um Sie auf dem Laufenden zu halten, nutzen wir auch E-Mail-Marketing. Wenn Sie zugestimmt haben, unsere E-Mails oder Newsletter zu erhalten, werden Ihre Daten verarbeitet und gespeichert.E-Mail-Marketing ist ein Teil des Online-Marketings.Es beinhaltet das Versenden von Nachrichten oder allgemeinen Informationen \u00fcber ein Unternehmen, Produkte oder Dienstleistungen per E-Mail an eine bestimmte Gruppe von Interessierten.<\/p>\n\n\n\n<p>Wenn Sie an unserem E-Mail-Marketing (in der Regel per Newsletter) teilnehmen m\u00f6chten, m\u00fcssen Sie sich in der Regel nur mit Ihrer E-Mail-Adresse anmelden. Dazu f\u00fcllen Sie ein Online-Formular aus und schicken es ab. Es kann auch vorkommen, dass wir Sie nach Ihrer Anrede und Ihrem Namen fragen, damit wir Sie pers\u00f6nlich ansprechen k\u00f6nnen.<\/p>\n\n\n\n<p>Die Anmeldung zu Newslettern erfolgt in der Regel nach dem \u201eDouble-Opt-In\u201c-Verfahren. Nachdem Sie sich auf unserer Website f\u00fcr unseren Newsletter angemeldet haben, erhalten Sie eine E-Mail zur Best\u00e4tigung Ihrer Anmeldung.Damit wird sichergestellt, dass die E-Mail-Adresse zu Ihnen geh\u00f6rt und sich nicht eine andere Person mit einer fremden E-Mail-Adresse angemeldet hat. Wir bzw. das von uns verwendete Benachrichtigungstool protokollieren jede Anmeldung. Dies ist notwendig, um zu beweisen, dass der Anmeldevorgang rechtsg\u00fcltig war.In der Regel werden der Zeitpunkt der Registrierung, der Zeitpunkt der Best\u00e4tigung und Ihre IP-Adresse gespeichert.Es wird auch protokolliert, wenn Sie \u00c4nderungen an Ihren gespeicherten Daten vornehmen.<\/p>\n\n\n\n<h6 class=\"wp-block-heading\"><strong>Welche Daten werden verarbeitet?<\/strong><\/h6>\n\n\n\n<p>Wenn Sie sich \u00fcber unsere Website f\u00fcr unseren Newsletter anmelden, best\u00e4tigen Sie per E-Mail Ihre Mitgliedschaft in einer E-Mail-Liste. Neben Ihrer IP-Adresse und E-Mail-Adresse k\u00f6nnen auch Ihre Anrede, Ihr Name, Ihre Adresse und Ihre Telefonnummer gespeichert werden, allerdings nur, wenn Sie in diese Datenspeicherung einwilligen.Die als solche gekennzeichneten Daten sind notwendig, damit Sie den angebotenen Dienst nutzen k\u00f6nnen.Die Angabe dieser Daten ist freiwillig, die Nichtangabe f\u00fchrt jedoch dazu, dass Sie den Dienst nicht nutzen k\u00f6nnen. Dar\u00fcber hinaus k\u00f6nnen auch Informationen \u00fcber Ihr Ger\u00e4t oder bevorzugte Inhalte auf unserer Website gespeichert werden.\nWeitere Informationen zur Datenspeicherung beim Besuch einer Website finden Sie im Abschnitt \u201eAutomatische Datenspeicherung\u201c.Wir zeichnen Ihre Einwilligung auf, damit wir jederzeit die Einhaltung der gesetzlichen Bestimmungen nachweisen k\u00f6nnen.<\/p>\n\n\n\n<h6 class=\"wp-block-heading\"><strong>Dauer der Datenverarbeitung<\/strong><\/h6>\n\n\n\n<p>Wenn Sie Ihre E-Mail-Adresse von unserer E-Mail-\/Newsletter-Liste abmelden, k\u00f6nnen wir Ihre Adresse auf der Grundlage unserer berechtigten Interessen bis zu drei Jahre lang speichern, um Ihre fr\u00fchere Einwilligung nachweisen zu k\u00f6nnen.Wir werden diese Daten nur verarbeiten, wenn dies zur Abwehr von Rechtsanspr\u00fcchen erforderlich ist.<\/p>\n\n\n\n<p>Wenn Sie uns jedoch best\u00e4tigen, dass Sie Ihre Einwilligung zur Newsletter-Anmeldung gegeben haben, k\u00f6nnen Sie jederzeit die L\u00f6schung Ihrer Daten verlangen. Wenn Sie Ihre Einwilligung dauerhaft widerrufen, behalten wir uns vor, Ihre E-Mail-Adresse in einer Unterdr\u00fcckungsliste zu speichern.Solange Sie sich freiwillig f\u00fcr unseren Newsletter anmelden, speichern wir selbstverst\u00e4ndlich auch Ihre E-Mail-Adresse.<\/p>\n\n\n\n<h6 class=\"wp-block-heading\"><strong>Recht auf Widerspruch<\/strong><\/h6>\n\n\n\n<p>Sie k\u00f6nnen den Newsletter jederzeit wieder abbestellen.Dazu m\u00fcssen Sie lediglich Ihre Einwilligung in das Newsletter-Abonnement widerrufen.Dies dauert in der Regel nur wenige Sekunden oder ein bis zwei Klicks. \nIn der Regel finden Sie am Ende jeder E-Mail einen Link, \u00fcber den Sie den Newsletter abbestellen k\u00f6nnen. Sollte der Link tats\u00e4chlich im Newsletter fehlen, wenden Sie sich bitte per E-Mail an uns, und wir werden Ihr Abonnement umgehend stornieren.<\/p>\n\n\n\n<h6 class=\"wp-block-heading\"><strong>Rechtgrundlage<\/strong><\/h6>\n\n\n\n<p>Der Versand unseres Newsletters beruht auf Ihrer Einwilligung (Art. 6 Abs. 1 lit. a GDPR). Das bedeutet, dass wir Ihnen nur dann einen Newsletter schicken k\u00f6nnen, wenn Sie sich aktiv daf\u00fcr angemeldet haben. Wir k\u00f6nnen Ihnen auch Werbenachrichten schicken, wenn Sie unser Kunde geworden sind und der Verwendung Ihrer E-Mail-Adresse f\u00fcr Direktmarketing nicht widersprochen haben.<\/p>\n\n\n\n<p>Informationen zu bestimmten E-Mail-Marketingdiensten und wie diese personenbezogene Daten verarbeiten, finden Sie in den folgenden Abschnitten, sofern verf\u00fcgbar.<\/p>\n\n\n\n<h4 class=\"wp-block-heading\" id=\"booking\"><strong>Online Buchungssystem<\/strong><\/h4>\n\n\n\n<h6 class=\"wp-block-heading\"><strong>Zusammenfassung und \u00dcbersicht der Datenschutzrichtlinien f\u00fcr unser Online-Buchungssystem<\/strong> <strong>:<\/strong><\/h6>\n\n\n\n<p>? Betroffene: Besucher der Website<br>? Zweck: Verbesserung der Benutzerfreundlichkeit und Organisation<br>? Verarbeitete Daten: Die verarbeiteten Daten h\u00e4ngen stark von den genutzten Diensten ab. In der Regel handelt es sich um IP-Adressen, Kontakt- und Zahlungsdaten und\/oder technische Daten. Weitere Einzelheiten sind in den verwendeten Tools zu finden.<br>? Speicherdauer: h\u00e4ngt von den genutzten Tools ab<br>\u2696\ufe0f Rechtsgrundlagen: Art. 6 Abs.. 1 lit. a GDPR (Einwilligung), Art. 6 Abs. 1 lit. f GDPR (berechtigte Interessen)<\/p>\n\n\n\n<h6 class=\"wp-block-heading\"><strong>Was ist ein Online-Buchungssystem?<\/strong><\/h6>\n\n\n\n<p>Um Ihnen die M\u00f6glichkeit zu geben, Buchungen \u00fcber unsere Website vorzunehmen, verwenden wir ein oder mehrere Buchungssysteme. So k\u00f6nnen zum Beispiel Termine einfach online vereinbart werden. Ein Buchungssystem ist eine in unsere Website integrierte Softwareanwendung, die verf\u00fcgbare Ressourcen (z. B. freie Termine) anzeigt und es Ihnen erm\u00f6glicht, online zu buchen und oft auch zu bezahlen. Wahrscheinlich kennen Sie solche Buchungssysteme bereits aus dem Gastgewerbe. Heutzutage werden solche Systeme jedoch in verschiedenen Branchen eingesetzt. Buchungssysteme k\u00f6nnen sowohl intern f\u00fcr uns als auch f\u00fcr Kunden wie Sie genutzt werden, je nach Tool und Einstellungen. In der Regel werden dabei personenbezogene Daten von Ihnen erhoben und gespeichert.<\/p>\n\n\n\n<p>Der Buchungsprozess l\u00e4uft in der Regel wie folgt ab: Sie finden das Buchungssystem auf unserer Website, wo Sie mit einem Mausklick eine Leistung buchen und Ihre Daten angeben k\u00f6nnen. Sie finden das Buchungssystem auf unserer Website, wo Sie mit einem Mausklick eine Leistung buchen und Ihre Daten angeben k\u00f6nnen.Oft k\u00f6nnen Sie auch direkt bezahlen, wenn es etwas zu bezahlen gibt.M\u00f6glicherweise m\u00fcssen Sie auch ein Formular mit verschiedenen pers\u00f6nlichen Angaben ausf\u00fcllen.<\/p>\n\n\n\n<h6 class=\"wp-block-heading\"><strong>Warum verwenden wir ein Online-Buchungssystem?<\/strong><\/h6>\n\n\n\n<p>Wir betrachten unsere Website als einen kostenlosen Service f\u00fcr Sie. Sie sollen hilfreiche Informationen erhalten und sich auf unserer Website wohlf\u00fchlen.Dazu geh\u00f6rt ein Online-Service, der die Buchung von Terminen oder Dienstleistungen so einfach wie m\u00f6glich macht.Vorbei sind die Zeiten, in denen Sie tagelang auf eine Buchungsbest\u00e4tigung per Telefon oder E-Mail warten mussten.Mit einem Online-Buchungssystem k\u00f6nnen Sie alles mit wenigen Klicks erledigen und sich dann anderen Aufgaben zuwenden.F\u00fcr uns vereinfacht das System auch die Verwaltung aller Buchungen und Termine.Daher halten wir ein solches Buchungssystem sowohl f\u00fcr Sie als auch f\u00fcr uns f\u00fcr absolut vorteilhaft.<\/p>\n\n\n\n<h6 class=\"wp-block-heading\"><strong>Welche Daten werden verarbeitet?<\/strong><\/h6>\n\n\n\n<p>Wir k\u00f6nnen in diesem allgemeinen Informationstext \u00fcber Buchungssysteme nicht genau angeben, welche Daten verarbeitet werden. Dies h\u00e4ngt immer von dem verwendeten Tool und den enthaltenen Funktionen und M\u00f6glichkeiten ab.Viele Buchungssysteme bieten \u00fcber die Standard-Buchungsfunktion hinaus zus\u00e4tzliche Funktionen an.So verf\u00fcgen viele Systeme auch \u00fcber ein integriertes externes Online-Zahlungssystem (z.B. von Stripe, Klarna oder PayPal) und eine Kalender-Synchronisationsfunktion.Dementsprechend variiert die Menge der verarbeiteten Daten in Abh\u00e4ngigkeit von den Funktionen. In der Regel werden Daten wie IP-Adresse, Name, Kontaktdaten, technische Informationen \u00fcber Ihr Ger\u00e4t und der Zeitpunkt der Buchung verarbeitet. Wenn Sie eine Zahlung im System vornehmen, werden auch Bankdaten wie Kontonummer, Kreditkartennummer, Passw\u00f6rter, TANs etc. gespeichert und an den jeweiligen Zahlungsanbieter weitergegeben.Wir empfehlen Ihnen, die Datenschutzbestimmungen des von Ihnen genutzten Tools zu lesen, um zu verstehen, welche Daten genau verarbeitet werden.<\/p>\n\n\n\n<h6 class=\"wp-block-heading\"><strong>Dauer der Datenverarbeitung<\/strong><\/h6>\n\n\n\n<p>Jedes Buchungssystem speichert Daten unterschiedlich lange.Daher k\u00f6nnen wir hier keine konkreten Angaben zur Dauer der Datenverarbeitung machen.Im Allgemeinen werden personenbezogene Daten jedoch nur so lange gespeichert, wie es f\u00fcr die Erbringung der Dienstleistungen erforderlich ist.Buchungssysteme verwenden typischerweise Cookies, die Informationen f\u00fcr unterschiedliche Zeitr\u00e4ume speichern.Einige Cookies werden sofort nach dem Verlassen der Website gel\u00f6scht, w\u00e4hrend andere mehrere Jahre lang gespeichert werden k\u00f6nnen.Mehr dar\u00fcber erfahren Sie in unserem Abschnitt \u201eCookies\u201c.Bitte informieren Sie sich auch in den Datenschutzerkl\u00e4rungen der jeweiligen Anbieter, wie lange Ihre Daten im Einzelfall gespeichert werden.<\/p>\n\n\n\n<h6 class=\"wp-block-heading\"><strong>Recht auf Widerspruch<\/strong><\/h6>\n\n\n\n<p>Wenn Sie in die Datenverarbeitung durch ein Buchungssystem eingewilligt haben, haben Sie jederzeit die M\u00f6glichkeit und das Recht, diese Einwilligung zu widerrufen. Bitte denken Sie immer daran, dass Sie Rechte in Bezug auf Ihre personenbezogenen Daten haben, und dass Sie diese Rechte jederzeit aus\u00fcben k\u00f6nnen.Wenn Sie nicht wollen, dass personenbezogene Daten verarbeitet werden, dann sollten auch keine personenbezogenen Daten verarbeitet werden.So einfach ist das.Der einfachste Weg, der Datenverarbeitung zu widersprechen, ist \u00fcber ein Cookie-Einwilligungs-Tool oder andere verf\u00fcgbare Opt-out-Funktionen.Sie k\u00f6nnen die Speicherung von Cookies beispielsweise auch direkt in Ihrem Browser verwalten.Bis zu Ihrem Widerruf bleibt die Rechtm\u00e4\u00dfigkeit der Datenverarbeitung davon unber\u00fchrt.<\/p>\n\n\n\n<h6 class=\"wp-block-heading\"><strong>Rechtgrundlage<\/strong><\/h6>\n\n\n\n<p>Wenn Sie in die Nutzung von Buchungssystemen eingewilligt haben, ist die Rechtsgrundlage f\u00fcr die entsprechende Datenverarbeitung Ihre Einwilligung.\nNach Artikel 6 Abs. 1 lit. a1 lit. a DSGVO (Einwilligung) bildet diese Einwilligung die Rechtsgrundlage f\u00fcr die Verarbeitung personenbezogener Daten, die durch Buchungssysteme erfolgen kann.<\/p>\n\n\n\n<p>Dar\u00fcber hinaus haben wir auch ein berechtigtes Interesse an der Nutzung von Buchungssystemen, da dies uns hilft, unseren Kundenservice zu verbessern und unsere interne Buchungsorganisation zu optimieren.Die entsprechende Rechtsgrundlage hierf\u00fcr ist Art. 6 Abs. 1 lit. f.1 lit. f GDPR (berechtigte Interessen).Wir nutzen diese Tools jedoch nur, wenn Sie uns Ihre Einwilligung gegeben haben. Dies m\u00f6chten wir an dieser Stelle nochmals betonen.<\/p>","protected":false},"excerpt":{"rendered":"<p>Impressum Table of Content General Civil Action Network \u2013 Zivilgesellschaft f\u00fcr FriedenMalzgasse 4\/111020 ViennaAustriaE-Mail: team@civilaction.net ZVR-Number: 1299357938 ChairpersonSonia BorkowiczE-Mail: sonia.borkowicz@civilaction.net Purpose of the associationThe association, which is non-profit oriented, follows the purpose of promoting peace movements, the sustainable preservation of peace and a well-rounded education on the topic of peace. Thus, the association is charitable [&hellip;]<\/p>","protected":false},"author":1,"featured_media":0,"parent":0,"menu_order":0,"comment_status":"closed","ping_status":"closed","template":"","meta":{"_acf_changed":false,"give_campaign_id":0,"footnotes":""},"topic":[],"class_list":["post-120","page","type-page","status-publish","hentry"],"acf":[],"campaignId":"","_links":{"self":[{"href":"https:\/\/civilaction.net\/de\/wp-json\/wp\/v2\/pages\/120","targetHints":{"allow":["GET"]}}],"collection":[{"href":"https:\/\/civilaction.net\/de\/wp-json\/wp\/v2\/pages"}],"about":[{"href":"https:\/\/civilaction.net\/de\/wp-json\/wp\/v2\/types\/page"}],"author":[{"embeddable":true,"href":"https:\/\/civilaction.net\/de\/wp-json\/wp\/v2\/users\/1"}],"replies":[{"embeddable":true,"href":"https:\/\/civilaction.net\/de\/wp-json\/wp\/v2\/comments?post=120"}],"version-history":[{"count":10,"href":"https:\/\/civilaction.net\/de\/wp-json\/wp\/v2\/pages\/120\/revisions"}],"predecessor-version":[{"id":1272,"href":"https:\/\/civilaction.net\/de\/wp-json\/wp\/v2\/pages\/120\/revisions\/1272"}],"wp:attachment":[{"href":"https:\/\/civilaction.net\/de\/wp-json\/wp\/v2\/media?parent=120"}],"wp:term":[{"taxonomy":"topic","embeddable":true,"href":"https:\/\/civilaction.net\/de\/wp-json\/wp\/v2\/topic?post=120"}],"curies":[{"name":"wp","href":"https:\/\/api.w.org\/{rel}","templated":true}]}}