{"id":1034,"date":"2024-09-17T09:45:04","date_gmt":"2024-09-17T09:45:04","guid":{"rendered":"https:\/\/civilaction.net\/?page_id=1034"},"modified":"2024-11-04T10:13:28","modified_gmt":"2024-11-04T10:13:28","slug":"about","status":"publish","type":"page","link":"https:\/\/civilaction.net\/de\/about\/","title":{"rendered":"\u00dcber Uns"},"content":{"rendered":"<h2 class=\"wp-block-heading\">WAS WIR TUN<\/h2>\n\n\n\n<p>Wir erkennen an, dass sich unsere Welt ver\u00e4ndert und dass es an uns allen liegt, den Wandel zu gestalten, der ohnehin stattfinden wird. Gegenw\u00e4rtig stehen die westlichen Gesellschaften unter enormer Belastung durch mehrere sich \u00fcberlagernde Krisen, polarisierende Dynamiken und die Atomisierung der Gesellschaft. In einer Zeit, in der wir m\u00f6glichst viel Kapazit\u00e4t f\u00fcr kollektive Entscheidungsfindung brauchen, nimmt diese rapide ab. Um die vor uns liegenden Ver\u00e4nderungen so friedlich und koh\u00e4rent wie m\u00f6glich zu bew\u00e4ltigen, ist eine lebendige und aktive Zivilgesellschaft ein entscheidender Faktor. Wir sind hier, um zwischen und \u00fcber die verschiedenen Anliegen hinweg zu arbeiten. Wir helfen der Zivilgesellschaft, an den R\u00e4ndern zu wachsen. Wir unterst\u00fctzen diejenigen, die am aktivsten sind. Wir f\u00f6rdern eine starke und widerstandsf\u00e4hige Zivilgesellschaft.<\/p>\n\n\n\n<h2 class=\"wp-block-heading\">Wir sind Verfechter*innen von Demokratie und Partizipation<\/h2>\n\n\n\n<p>Die Aktionen von CAN sind von unserem Verst\u00e4ndnis von Demokratie und Partizipation gepr\u00e4gt. Unserer Ansicht nach ist die Beteiligung auf verschiedenen Ebenen der Gesellschaft (z.B. Haushalt -&gt; Nachbarschaft -&gt; Stadtteil -&gt; Stadt) die Grundlage f\u00fcr eine lebendige, aktive Demokratie. W\u00e4hrend Demokratie ein Begriff ist, der weitgehend zur Beschreibung von Institutionen und Strukturen verwendet wird, verstehen wir sie als einen Prozess, durch den wir in der Lage sind, gemeinsam Entscheidungen zum Wohle des Ganzen zu treffen. Im Zentrum unseres Verst\u00e4ndnisses von Demokratie und Partizipation steht die Vorstellung, dass jeder Mensch die F\u00e4higkeit besitzt, \u00fcber das W\u00e4hlen hinaus zum demokratischen Prozess beizutragen. Diese F\u00e4higkeit und das Ausma\u00df, in dem sie genutzt werden kann, variiert jedoch je nach sozio\u00f6konomischer Positionierung, ganz pers\u00f6nlicher Lebensgeschichte und sozialem Kontext zu jedem gegebenen Zeitpunkt. \u00dcbergeordnete Strukturen wie die repr\u00e4sentative Demokratie oder f\u00f6derale Regierungssysteme werden dieser reichen Vielfalt nicht gerecht. Damit die Demokratie funktioniert, braucht es etwas mehr.<\/p>\n\n\n\n<p>Es ist unser Bestreben, dazu beizutragen, diesen Raum zu f\u00fcllen, der unbesetzt bleibt und die Demokratien auf der ganzen Welt anf\u00e4llig f\u00fcr Populismus und Autoritarismus macht.<\/p>\n\n\n\n<p>Wir haben es uns zur Aufgabe gemacht, Wege zu finden und zu teilen, die Menschen dabei unterst\u00fctzen, ihre Macht zu nutzen, starke Beziehungen \u00fcber soziale Unterschiede hinweg zu pflegen, zu wissen, was sie als Einzelpersonen und Gemeinschaften brauchen, und ihre Handlungsf\u00e4higkeit zu st\u00e4rken.<\/p>\n\n\n\n<h2 class=\"wp-block-heading\">WIR BAUEN BARRIEREN F\u00dcR DIE TEILHABE AB<\/h2>\n\n\n\n<p>Obwohl die Zivilgesellschaft um Gr\u00f6\u00dfenordnungen zug\u00e4nglicher ist als die institutionalisierte Politik oder die Privatwirtschaft, gibt es f\u00fcr viele Menschen immer noch Hindernisse f\u00fcr eine umfassende Beteiligung. Oft hat dies mit dem allgemeinen Gef\u00fchl zu tun, nicht zur Gesellschaft zu geh\u00f6ren, das Vertrauen in demokratische Systeme zu verlieren oder sich nicht berechtigt zu f\u00fchlen, seine Bed\u00fcrfnisse zu \u00e4u\u00dfern. Wir versuchen, diese und weitere Barrieren zu beseitigen, indem wir niedrigschwellige Angebote bereitstellen, die das Gef\u00fchl der Zugeh\u00f6rigkeit, das Gef\u00fchl der Teilhabe am \u00f6ffentlichen Raum und die F\u00e4higkeit zum Dialog mit Menschen mit unterschiedlichem Hintergrund f\u00f6rdern sollen. Mit diesen Angeboten kultivieren wir Kapazit\u00e4ten. Das Ziel besteht nicht darin, die Menschen sofort zu aktivieren. Wir erh\u00f6hen die Chancen, dass sich mehr Menschen erm\u00e4chtigt f\u00fchlen und aktiv werden, wenn k\u00fcnftige Ereignisse ihre Lebenswirklichkeit betreffen.<\/p>\n\n\n\n<h2 class=\"wp-block-heading\">WIR UNTERST\u00dcTZEN ZIVILGESELLSCHAFTLICHE AKTEUR*INNEN<\/h2>\n\n\n\n<p>Die Herausforderungen sind nicht vorbei, sobald jemand beschlossen hat, aktiv zu werden oder sich eine Gruppe zu einem aktuellen Thema gebildet hat. Die Zusammenarbeit in nicht-formalen Gruppen, die nachhaltige Organisation, die Entwicklung von Strategien zur Erreichung gemeinsamer Ziele und das Ergreifen von Ma\u00dfnahmen zum Aufbau von Macht sind keine F\u00e4higkeiten, die man in der Schule lernt. Und obwohl aktivistische Gemeinschaften diese Dinge seit Jahrzehnten und Jahrhunderten gelernt haben, ist es \u00fcberraschend, wie oft neue Gruppen versuchen, das Rad neu zu erfinden. Sogar in lang etablierten Gruppen ist es ein h\u00e4ufiges Ph\u00e4nomen, dass Leute in einem Moment der Begeisterung aktiviert werden, tief in einen Aspekt der gemeinsamen Bem\u00fchungen eintauchen, dabei eine Menge lernen, aber am Ende \u00fcberw\u00e4ltigt und ersch\u00f6pft sind, ihr Engagement aufgeben m\u00fcssen und alles, was sie gelernt haben, mitnehmen. Die n\u00e4chste Person, die ihren Platz einnimmt, muss wieder von vorne anfangen, und so gibt es eine unsichtbare Grenze f\u00fcr die Effektivit\u00e4t einer Gruppe, wenn dieses Muster immer wieder auftritt. Wir versuchen, diese und andere Herausforderungen, mit denen aktive Initiativen und Einzelpersonen in ihrer Arbeit konfrontiert sind, zu bew\u00e4ltigen, indem wir Trainings anbieten, Gruppen bei ihren Visions-, Strategie- und Reflexionsprozessen begleiten, Konflikttransformation unterst\u00fctzen und unsere Erfahrungen mit der Organisation einer langfristigen Perspektive weitergeben.&nbsp;<\/p>\n\n\n\n<h2 class=\"wp-block-heading\" id=\"values\">DIE WERTE, DIE UNSERE ARBEIT INFORMIEREN<\/h2>\n\n\n\n<ul class=\"wp-block-list\">\n<li>F\u00fcrsorge f\u00fcreinander und f\u00fcr andere<\/li>\n\n\n\n<li>Menschen und ihre Beziehungen vor Projekten<\/li>\n\n\n\n<li>Verspieltheit und Kreativit\u00e4t<\/li>\n\n\n\n<li>Gemeinschaft + Zusammengeh\u00f6rigkeit<\/li>\n\n\n\n<li>Fehler als Chance zum Lernen<\/li>\n\n\n\n<li>Partnerschaft und Mitgef\u00fchl<\/li>\n\n\n\n<li>Akzeptanz der Vielfalt von Lebensentscheidungen\/-stilen, ohne Bewertung<\/li>\n\n\n\n<li>Offene T\u00fcren und M\u00f6glichkeiten<\/li>\n\n\n\n<li>Geteilte Verantwortung<\/li>\n\n\n\n<li>Erm\u00e4chtigte Handlungsf\u00e4higkeit<\/li>\n\n\n\n<li>Gesunde Umwelt<\/li>\n\n\n\n<li>Bewegung und K\u00f6rperlichkeit<\/li>\n\n\n\n<li>Meinungsverschiedenheiten mit Neugier begegnen<\/li>\n\n\n\n<li>Weniger tun, mehr sein<\/li>\n<\/ul>\n\n\n\n<p><\/p>","protected":false},"excerpt":{"rendered":"<p>WHAT WE DO We recognize that our world is changing and that is up to all of us to shape the change that will happen anyway. Currently western societies are under enormous strain from multiple overlapping crises, polarizing dynamics and the atomisation of society. In a time when we need all the capacity for collective [&hellip;]<\/p>","protected":false},"author":4,"featured_media":0,"parent":0,"menu_order":0,"comment_status":"closed","ping_status":"closed","template":"","meta":{"_acf_changed":false,"give_campaign_id":0,"footnotes":""},"topic":[],"class_list":["post-1034","page","type-page","status-publish","hentry"],"acf":[],"campaignId":"","_links":{"self":[{"href":"https:\/\/civilaction.net\/de\/wp-json\/wp\/v2\/pages\/1034","targetHints":{"allow":["GET"]}}],"collection":[{"href":"https:\/\/civilaction.net\/de\/wp-json\/wp\/v2\/pages"}],"about":[{"href":"https:\/\/civilaction.net\/de\/wp-json\/wp\/v2\/types\/page"}],"author":[{"embeddable":true,"href":"https:\/\/civilaction.net\/de\/wp-json\/wp\/v2\/users\/4"}],"replies":[{"embeddable":true,"href":"https:\/\/civilaction.net\/de\/wp-json\/wp\/v2\/comments?post=1034"}],"version-history":[{"count":7,"href":"https:\/\/civilaction.net\/de\/wp-json\/wp\/v2\/pages\/1034\/revisions"}],"predecessor-version":[{"id":1203,"href":"https:\/\/civilaction.net\/de\/wp-json\/wp\/v2\/pages\/1034\/revisions\/1203"}],"wp:attachment":[{"href":"https:\/\/civilaction.net\/de\/wp-json\/wp\/v2\/media?parent=1034"}],"wp:term":[{"taxonomy":"topic","embeddable":true,"href":"https:\/\/civilaction.net\/de\/wp-json\/wp\/v2\/topic?post=1034"}],"curies":[{"name":"wp","href":"https:\/\/api.w.org\/{rel}","templated":true}]}}